{"id":91,"date":"2018-10-18T16:40:58","date_gmt":"2018-10-18T16:40:58","guid":{"rendered":"https:\/\/krisesamband.no\/?page_id=91"},"modified":"2025-10-25T13:52:47","modified_gmt":"2025-10-25T11:52:47","slug":"samarbeidspartnere","status":"publish","type":"page","link":"https:\/\/krisesamband.no\/?page_id=91","title":{"rendered":"Samarbeidspartnere"},"content":{"rendered":"<div class=\"relative basis-auto flex-col -mb-(--composer-overlap-px) [--composer-overlap-px:28px] grow flex overflow-hidden\">\n<div class=\"relative h-full\">\n<div class=\"flex h-full flex-col overflow-y-auto thread-xl:pt-(--header-height) [scrollbar-gutter:stable_both-edges]\">\n<div class=\"flex flex-col text-sm thread-xl:pt-header-height pb-25\">\n<article class=\"text-token-text-primary w-full focus:outline-none [--shadow-height:45px] has-data-writing-block:pointer-events-none has-data-writing-block:-mt-(--shadow-height) has-data-writing-block:pt-(--shadow-height) [&amp;:has([data-writing-block])&gt;*]:pointer-events-auto scroll-mt-[calc(var(--header-height)+min(200px,max(70px,20svh)))]\" dir=\"auto\" tabindex=\"-1\" data-turn-id=\"request-WEB:63edec71-e727-4191-bcb4-ebd6c7e90b10-5\" data-testid=\"conversation-turn-12\" data-scroll-anchor=\"true\" data-turn=\"assistant\">\n<div class=\"text-base my-auto mx-auto pb-10 [--thread-content-margin:--spacing(4)] thread-sm:[--thread-content-margin:--spacing(6)] thread-lg:[--thread-content-margin:--spacing(16)] px-(--thread-content-margin)\">\n<div class=\"[--thread-content-max-width:40rem] thread-lg:[--thread-content-max-width:48rem] mx-auto max-w-(--thread-content-max-width) flex-1 group\/turn-messages focus-visible:outline-hidden relative flex w-full min-w-0 flex-col agent-turn\" tabindex=\"-1\">\n<div class=\"flex max-w-full flex-col grow\">\n<div class=\"min-h-8 text-message relative flex w-full flex-col items-end gap-2 text-start break-words whitespace-normal [.text-message+&amp;]:mt-1\" dir=\"auto\" data-message-author-role=\"assistant\" data-message-id=\"77d45095-d3f3-4449-847d-e0b435e34da9\" data-message-model-slug=\"gpt-5\">\n<div class=\"flex w-full flex-col gap-1 empty:hidden first:pt-[1px]\">\n<div class=\"markdown prose dark:prose-invert w-full break-words light markdown-new-styling\">\n<h2 data-start=\"318\" data-end=\"346\"> Samarbeid og beredskap<\/h2>\n<p data-start=\"348\" data-end=\"595\">Sambandstjenesten Innlandet (SBI) er en del av den frivillige beredskapen i Norge.<br data-start=\"430\" data-end=\"433\" \/>Vi samarbeider tett med <strong data-start=\"457\" data-end=\"481\">kommuner i Innlandet<\/strong>, blant annet <strong data-start=\"495\" data-end=\"520\">Lesja, Dovre og Sel<\/strong>, og bist\u00e5r ved behov n\u00e5r kommunikasjon er avgj\u00f8rende for effektiv innsats.<\/p>\n<p data-start=\"597\" data-end=\"940\">SBI har et etablert samarbeid med <strong data-start=\"631\" data-end=\"643\">politiet<\/strong>, og vi blir <strong data-start=\"656\" data-end=\"739\">rutinemessig kontaktet ved leteaksjoner, redningsoperasjoner og andre hendelser<\/strong> der v\u00e5r sambandskompetanse er nyttig.<br data-start=\"777\" data-end=\"780\" \/>Vi samarbeider ogs\u00e5 med <strong data-start=\"804\" data-end=\"836\">Statsforvalteren i Innlandet<\/strong> og de frivillige redningsorganisasjonene i <strong data-start=\"880\" data-end=\"888\">FORF<\/strong> (Frivillige Organisasjoners Redningsfaglige Forum).<\/p>\n<p data-start=\"942\" data-end=\"1163\">Gjennom dette nettverket bidrar vi til \u00e5 styrke <strong data-start=\"990\" data-end=\"1033\">beredskap, kommunikasjon og samhandling<\/strong> mellom frivillige og offentlige akt\u00f8rer.<br data-start=\"1074\" data-end=\"1077\" \/>Sammen s\u00f8rger vi for at <strong data-start=\"1101\" data-end=\"1163\">kritisk kommunikasjon fungerer \u2013 n\u00e5r det virkelig gjelder.<\/strong><\/p>\n<p><\/p>\n<p data-start=\"1170\" data-end=\"1317\" data-is-last-node=\"\" data-is-only-node=\"\">\u00a0<\/p>\n<\/div>\n<\/div>\n<\/div>\n<\/div>\n<div class=\"z-0 flex min-h-[46px] justify-start\">\u00a0<\/div>\n<div class=\"mt-3 w-full empty:hidden\">\n<div class=\"text-center\">\u00a0<\/div>\n<\/div>\n<\/div>\n<\/div>\n<\/article>\n<div class=\"pointer-events-none h-px w-px\" aria-hidden=\"true\" data-edge=\"true\">\u00a0<\/div>\n<div>\u00a0<\/div>\n<div>\u00a0<\/div>\n<\/div>\n<\/div>\n<\/div>\n<\/div>\n<div id=\"thread-bottom-container\" class=\"group\/thread-bottom-container relative isolate z-10 w-full basis-auto has-data-has-thread-error:pt-2 has-data-has-thread-error:[box-shadow:var(--sharp-edge-bottom-shadow)] md:border-transparent md:pt-0 dark:border-white\/20 md:dark:border-transparent content-fade single-line flex flex-col\">\n<div id=\"thread-bottom\">\n<div class=\"text-base mx-auto [--thread-content-margin:--spacing(4)] thread-sm:[--thread-content-margin:--spacing(6)] thread-lg:[--thread-content-margin:--spacing(16)] px-(--thread-content-margin)\">\n<div class=\"[--thread-content-max-width:40rem] thread-lg:[--thread-content-max-width:48rem] mx-auto max-w-(--thread-content-max-width) flex-1\">\n<div class=\"flex justify-center empty:hidden\">\u00a0<\/div>\n<div class=\"pointer-events-auto relative z-1 flex h-[var(--composer-container-height,100%)] max-w-full flex-[var(--composer-container-flex,1)] flex-col\"><button class=\"invisible absolute self-center\" tabindex=\"-1\" name=\"context-connector-pasted-link-popover-trigger\" type=\"button\" aria-hidden=\"true\" aria-haspopup=\"dialog\" aria-expanded=\"false\" aria-controls=\"radix-_R_jl4lh6aj5cea4qcm_\" data-state=\"closed\"><\/button><\/p>\n<div class=\"absolute start-0 end-0 bottom-full z-20\">\u00a0<\/div>\n<form class=\"group\/composer w-full\" data-type=\"unified-composer\">\n<div class=\"hidden\"><input tabindex=\"-1\" multiple=\"multiple\" type=\"file\" \/><\/div>\n<div class=\"\">\n<div class=\"bg-token-bg-primary cursor-text overflow-clip bg-clip-padding p-2.5 contain-inline-size dark:bg-[#303030] grid grid-cols-[auto_1fr_auto] [grid-template-areas:'header_header_header'_'leading_primary_trailing'_'._footer_.'] group-data-expanded\/composer:[grid-template-areas:'header_header_header'_'primary_primary_primary'_'leading_footer_trailing'] shadow-short\">\n<div class=\"-my-2.5 flex min-h-14 items-center overflow-x-hidden px-1.5 [grid-area:primary] group-data-expanded\/composer:mb-0 group-data-expanded\/composer:px-2.5\">\n<div class=\"_prosemirror-parent_198md_2 text-token-text-primary max-h-[max(35svh,5rem)] max-h-52 flex-1 overflow-auto [scrollbar-width:thin] default-browser vertical-scroll-fade-mask\"><textarea class=\"_fallbackTextarea_198md_2\" name=\"prompt-textarea\" autofocus=\"\" placeholder=\"Sp\u00f8r om hva som helst\" data-virtualkeyboard=\"true\"><\/textarea><\/p>\n<div id=\"prompt-textarea\" class=\"ProseMirror\" contenteditable=\"true\" translate=\"no\" data-virtualkeyboard=\"true\">\u00a0<\/div>\n<\/div>\n<\/div>\n<div class=\"[grid-area:leading]\">\u00a0<\/div>\n<div class=\"flex items-center gap-2 [grid-area:trailing]\">\n<div class=\"ms-auto flex items-center gap-1.5\"><button class=\"composer-btn\" type=\"button\" aria-label=\"Diktatknapp\"><\/button><\/p>\n<div class=\"min-w-9\" data-testid=\"composer-speech-button-container\">\n<div class=\"flex items-center justify-center\">\u00a0<\/div>\n<\/div>\n<\/div>\n<\/div>\n<\/div>\n<\/div>\n<\/form>\n<\/div>\n<\/div>\n<\/div>\n<\/div>\n<\/div>\n","protected":false},"excerpt":{"rendered":"<p>Samarbeid og beredskap Sambandstjenesten Innlandet (SBI) er en del av den frivillige beredskapen i Norge.Vi samarbeider tett med kommuner i Innlandet, blant annet Lesja, Dovre og Sel, og bist\u00e5r ved behov n\u00e5r kommunikasjon er avgj\u00f8rende for effektiv innsats. SBI har et etablert samarbeid med politiet, og vi blir rutinemessig kontaktet ved leteaksjoner, redningsoperasjoner og andre <a href=\"https:\/\/krisesamband.no\/?page_id=91\" class=\"more-link\">\u2026 fortsett \u00e5 lese<span class=\"screen-reader-text\"> \u00abSamarbeidspartnere\u00bb<\/span><\/a><\/p>\n","protected":false},"author":1,"featured_media":0,"parent":0,"menu_order":0,"comment_status":"closed","ping_status":"closed","template":"","meta":{"footnotes":""},"class_list":["post-91","page","type-page","status-publish","h-entry","hentry","h-as-page"],"_links":{"self":[{"href":"https:\/\/krisesamband.no\/index.php?rest_route=\/wp\/v2\/pages\/91","targetHints":{"allow":["GET"]}}],"collection":[{"href":"https:\/\/krisesamband.no\/index.php?rest_route=\/wp\/v2\/pages"}],"about":[{"href":"https:\/\/krisesamband.no\/index.php?rest_route=\/wp\/v2\/types\/page"}],"author":[{"embeddable":true,"href":"https:\/\/krisesamband.no\/index.php?rest_route=\/wp\/v2\/users\/1"}],"replies":[{"embeddable":true,"href":"https:\/\/krisesamband.no\/index.php?rest_route=%2Fwp%2Fv2%2Fcomments&post=91"}],"version-history":[{"count":11,"href":"https:\/\/krisesamband.no\/index.php?rest_route=\/wp\/v2\/pages\/91\/revisions"}],"predecessor-version":[{"id":1948,"href":"https:\/\/krisesamband.no\/index.php?rest_route=\/wp\/v2\/pages\/91\/revisions\/1948"}],"wp:attachment":[{"href":"https:\/\/krisesamband.no\/index.php?rest_route=%2Fwp%2Fv2%2Fmedia&parent=91"}],"curies":[{"name":"wp","href":"https:\/\/api.w.org\/{rel}","templated":true}]}}