{"id":94,"date":"2018-10-18T16:43:36","date_gmt":"2018-10-18T16:43:36","guid":{"rendered":"https:\/\/krisesamband.no\/?page_id=94"},"modified":"2025-10-25T13:56:55","modified_gmt":"2025-10-25T11:56:55","slug":"ovelser-kurs-og-opplaering","status":"publish","type":"page","link":"https:\/\/krisesamband.no\/?page_id=94","title":{"rendered":"\u00d8velser, kurs og oppl\u00e6ring"},"content":{"rendered":"\r\n<p>SBI deltar p\u00e5 nasjonale \u00f8velser i Sambandstjenesten NRRL, avholder selv regionale \u00f8velser, eller deltar p\u00e5 \u00f8velser i regi av offentlige etater, eller i samarbeid med andre FORF-akt\u00f8rer. \u00a0Det kan ogs\u00e5 nevnes at vi har innsjekks-\u00f8velse hver s\u00f8ndag p\u00e5 Innlandsnettet etter regional QST-LA sending. Meld deg gjerne til \u00e5 kj\u00f8re innsjekk.<\/p>\r\n\r\n\r\n\r\n<p>Utover dette har SBI har kurs eller annen fysisk samling av medlemmer 1-2 ganger i \u00e5ret. Det har v\u00e6rt korona-stopp med et par Teams-kurs, men det er h\u00e5p om treff igjen.<\/p>\r\n\r\n\r\n\r\n<figure class=\"wp-block-image\"><img loading=\"lazy\" decoding=\"async\" width=\"628\" height=\"472\" class=\"wp-image-98\" src=\"https:\/\/krisesamband.no\/wp-content\/uploads\/2018\/10\/image003.png\" alt=\"\" srcset=\"https:\/\/krisesamband.no\/wp-content\/uploads\/2018\/10\/image003.png 628w, https:\/\/krisesamband.no\/wp-content\/uploads\/2018\/10\/image003-300x225.png 300w\" sizes=\"auto, (max-width: 628px) 100vw, 628px\" \/><\/figure>\r\n\r\n\r\n\r\n<p>Under ser du bilde fra en \u00f8velse sammen med Sivilforsvaret og Sel brannvesen i Sjoa.<\/p>\r\n\r\n\r\n\r\n<figure class=\"wp-block-image\"><img loading=\"lazy\" decoding=\"async\" width=\"949\" height=\"633\" class=\"wp-image-140\" src=\"https:\/\/krisesamband.no\/wp-content\/uploads\/2018\/10\/SBI-SJOA.png\" alt=\"\" srcset=\"https:\/\/krisesamband.no\/wp-content\/uploads\/2018\/10\/SBI-SJOA.png 949w, https:\/\/krisesamband.no\/wp-content\/uploads\/2018\/10\/SBI-SJOA-300x200.png 300w, https:\/\/krisesamband.no\/wp-content\/uploads\/2018\/10\/SBI-SJOA-768x512.png 768w\" sizes=\"auto, (max-width: 949px) 100vw, 949px\" \/>\r\n<figcaption>F.V: LB9UE, LA1OSA, LB6SE, LB4GH, LA3TR, LB4CD<\/figcaption>\r\n<\/figure>\r\n","protected":false},"excerpt":{"rendered":"<p>SBI deltar p\u00e5 nasjonale \u00f8velser i Sambandstjenesten NRRL, avholder selv regionale \u00f8velser, eller deltar p\u00e5 \u00f8velser i regi av offentlige etater, eller i samarbeid med andre FORF-akt\u00f8rer. \u00a0Det kan ogs\u00e5 nevnes at vi har innsjekks-\u00f8velse hver s\u00f8ndag p\u00e5 Innlandsnettet etter regional QST-LA sending. Meld deg gjerne til \u00e5 kj\u00f8re innsjekk. Utover dette har SBI har <a href=\"https:\/\/krisesamband.no\/?page_id=94\" class=\"more-link\">\u2026 fortsett \u00e5 lese<span class=\"screen-reader-text\"> \u00ab\u00d8velser, kurs og oppl\u00e6ring\u00bb<\/span><\/a><\/p>\n","protected":false},"author":1,"featured_media":0,"parent":0,"menu_order":0,"comment_status":"closed","ping_status":"closed","template":"","meta":{"footnotes":""},"class_list":["post-94","page","type-page","status-publish","h-entry","hentry","h-as-page"],"_links":{"self":[{"href":"https:\/\/krisesamband.no\/index.php?rest_route=\/wp\/v2\/pages\/94","targetHints":{"allow":["GET"]}}],"collection":[{"href":"https:\/\/krisesamband.no\/index.php?rest_route=\/wp\/v2\/pages"}],"about":[{"href":"https:\/\/krisesamband.no\/index.php?rest_route=\/wp\/v2\/types\/page"}],"author":[{"embeddable":true,"href":"https:\/\/krisesamband.no\/index.php?rest_route=\/wp\/v2\/users\/1"}],"replies":[{"embeddable":true,"href":"https:\/\/krisesamband.no\/index.php?rest_route=%2Fwp%2Fv2%2Fcomments&post=94"}],"version-history":[{"count":8,"href":"https:\/\/krisesamband.no\/index.php?rest_route=\/wp\/v2\/pages\/94\/revisions"}],"predecessor-version":[{"id":874,"href":"https:\/\/krisesamband.no\/index.php?rest_route=\/wp\/v2\/pages\/94\/revisions\/874"}],"wp:attachment":[{"href":"https:\/\/krisesamband.no\/index.php?rest_route=%2Fwp%2Fv2%2Fmedia&parent=94"}],"curies":[{"name":"wp","href":"https:\/\/api.w.org\/{rel}","templated":true}]}}